{"id":14,"date":"2016-10-18T18:05:12","date_gmt":"2016-10-18T16:05:12","guid":{"rendered":"http:\/\/www.ouranialampropoulou.com\/?page_id=14"},"modified":"2023-03-26T21:18:56","modified_gmt":"2023-03-26T19:18:56","slug":"concerts","status":"publish","type":"page","link":"https:\/\/www.ouranialampropoulou.com\/en\/concerts\/","title":{"rendered":"Concerts"},"content":{"rendered":"<p><strong><u>4TH NOVEMBER 2016<\/u><\/strong><\/p>\n<p><a href=\"http:\/\/www.orchestre-avignon.com\/concert\/homeriade\/\" target=\"_blank\" rel=\"noopener\"><strong>OP\u00c9RA D&#8217;AVIGNON WITH THE\u00a0REGIONAL D&#8217;AVIGNON\u00a0ORCHESTRA<\/strong><\/a><br \/>\nCr\u00e9ation mondiale lors du \u00ab\u00a0Festival d\u2019Avignon\u00a0\u00bb\u2028le 25 juillet 2015<br \/>\nDirection,<a href=\"http:\/\/www.orchestre-avignon.com\/artistes\/samuel-jean\/\"><strong> Samuel Jean<\/strong><\/a><br \/>\nR\u00e9citant,<a href=\"http:\/\/www.orchestre-avignon.com\/artistes\/robin-renucci\/\"><strong> Robin Renucci<\/strong><\/a><br \/>\nDim\u00edtris Dimitri\u00e1dis : <em>Homeriade<\/em><br \/>\nMusic\u00a0: Martin Romberg<br \/>\nText : Dim\u00edtris Dimitri\u00e1dis<\/p>\n<p><strong><u>20TH NOVEMBER 2016<\/u><\/strong><\/p>\n<p><a href=\"https:\/\/www.weezevent.com\/paysages-sonores-ourania-lampropoulou\" target=\"_blank\" rel=\"noopener\"><strong>SANTOURI SOLO\u00a0CONCERT\u00a0<\/strong><\/a><br \/>\n<a href=\"http:\/\/www.centre-mandapa.fr\" target=\"_blank\" rel=\"noopener\">Centre Mandapa<\/a><br \/>\n6, rue Wurtz, 75013 Paris<br \/>\n18h00<\/p>\n<p>Booking:<br \/>\n<a href=\"https:\/\/www.weezevent.com\/paysages-sonores-ourania-lampropoulou\">https:\/\/www.weezevent.com\/paysages-sonores-ourania-lampropoulou<\/a><br \/>\nPhone\u00a0: +33 (0)145899900<br \/>\nMobile:+33 (0) 953131112<br \/>\n<a href=\"mailto:reservations@centre-mandapa.fr\">reservations@centre-mandapa.fr<\/a><br \/>\n<a href=\"https:\/\/www.facebook.com\/events\/202600963499467\/\" target=\"_blank\" rel=\"noopener\">Facebook<\/a>\u00a0event<\/p>\n<p><strong><u>3d &#8211;\u00a06TH DECEMBER 2016<\/u><\/strong><\/p>\n<p><a href=\"https:\/\/www.youtube.com\/watch?v=HYlLQxv225E\" target=\"_blank\" rel=\"noopener\"><strong><u>OURANIA LAMPROPOULOU\u00a0&#8211;\u00a0EVGENIOS VOULGARIS DUO TOUR<\/u><\/strong><\/a><br \/>\n<strong>3 D\u00e9cembre \u00e0 20.00 Centre Mandapa, Paris<\/strong><br \/>\nUrban Soundscapes of <span class=\"il\">Interwar<\/span><span class=\"il\">Rebetiko<\/span> Concert<\/p>\n<p>R\u00e9servations:<br \/>\n<a href=\"https:\/\/www.weezevent.com\/paysages-sonores-ourania-lampropoulou\">https:\/\/www.weezevent.com\/paysages-sonores-ourania-lampropoulou<\/a><br \/>\nTelephone : 0145899900<br \/>\nPortable : 0953131112<br \/>\n<a href=\"mailto:reservations@centre-mandapa.fr\">reservations@centre-mandapa.fr<\/a><br \/>\n<a href=\"mailto:reservations@centre-mandapa.fr\">https:\/\/www.facebook.com\/events\/290171334715895\/<\/a><\/p>\n<p><strong>4 D\u00e9cembre &#8211; Atelier of R\u00e9b\u00e9tiko<\/strong><br \/>\n(10.00-15.00), Maison de la Culture Arm\u00e9nienne (17, rue bleu, 75009)<\/p>\n<p>R\u00e9servations:\u00a0concert.stage.paris@gmail.com<br \/>\nhttps:\/\/www.facebook.com\/events\/1798648273745369\/<\/p>\n<p><strong>5 D\u00e9cembre &#8211; NEW PROGRAMME &#8211;\u00a0GOLDEN HORN<\/strong><br \/>\nConcert of Ottoman Classical Music :Works of Dimitri Cantemir and Ali Ufki<br \/>\nYunus Emre Institut, London<\/p>\n<p><strong><u>11th DECEMBER 2016<\/u><\/strong><br \/>\n<strong>Christmas stories with music<\/strong><br \/>\nWith the Story teller Nathalie Prokhoris<br \/>\nMaison de la Gr\u00e8ce, 9 rue Mesnil 75016, Paris<\/p>\n<p><strong><u>22TH \u00a0DECEMBER 2016<\/u><\/strong><\/p>\n<p><strong><a href=\"http:\/\/festival-international-de-musique-andalouser.over-blog.com\/\" target=\"_blank\" rel=\"noopener\">FESTIVAL INTERNATIONAL DE MUSIQUE ANDALOUSE ET DES MUSIQUES ANCIENNES<\/a><\/strong><br \/>\nOpera of Alger<br \/>\nConcert de musique traditionnelle grecque<br \/>\nWith Sofia Labropoulou\u00a0: canun<br \/>\nand\u00a0Nora Thiele\u00a0: percussions<\/p>\n<p><strong><u>7TH -8TH &amp; 29TH JANUARY\u00a02016<\/u><\/strong><\/p>\n<p><strong><a href=\"http:\/\/jpssd.free.fr\/\" target=\"_blank\" rel=\"noopener\">SAISON DES CONCERTS DE JEUNE PHILARMONIE DE SEINE-SAINT-DENIS<\/a><\/strong><br \/>\nJeune Philharmonie de Seine-Saint-Denis<br \/>\nViolon solo : Chyi Miin Lim<br \/>\nVocals Noisy-le-Sec (chef de choeur : Jean-Philippe Dejussieu)<br \/>\nSolist : Camille Tribouillard, clarinette<br \/>\nDirection\u00a0: Henri-Claude Fantapi\u00e9, Ourania Lampropoulou, Jean-Philippe Dejussieu.<\/p>\n<p><strong>Saturday 7th January 2017 \u00b7 8.30PM\u00a0au Th\u00e9atre des Bergeries<\/strong><br \/>\nPlace du Mar\u00e9chal Foch, 93130 Noisy-le-Sec\u00a0\u00b7 France<br \/>\nFree entry.\u00a0Booking at +33 (0)1 41 83 15 20<\/p>\n<p><strong>Sunday\u00a08th January 2017 \u00b7\u00a011\u00a0A.M au Th\u00e9atre des Bergeries<\/strong><br \/>\nPlace du Mar\u00e9chal Foch, 93130 Noisy-le-Sec \u00b7 France<br \/>\nFree entry.\u00a0Booking at +33 (0)1 41 83 15 20<\/p>\n<p><strong>Sunday 29th January 2017 \u00b7 3.30PM l&#8217;Espace 93 de Clichy-sous-Bois<\/strong><br \/>\n3 Place du 11 Novembre 1918, 93390 Clichy-sous-Bois \u00b7 France<\/p>\n<p><strong>Concert at\u00a0l&#8217;Eglise Notre Dame du Liban \u00b7 To be updated<\/strong><br \/>\n15-17 rue d&#8217;Ulm, 75005 Paris.<\/p>\n<p><strong><u>14, 21, 28 &amp; 4 f\u00e9vrier\u00a02017<\/u><\/strong><br \/>\n<strong>LES CONTES DU SANTOUR<\/strong><br \/>\nwith the story teller\u00a0Nathalie Prokhoris<br \/>\nAt the Th\u00e9\u00e2tre de la Falgui\u00e8re (Paris 15)<br \/>\n2 programs of greek tales in music:<br \/>\n5:30 pm (for children), 8:30 pm (for adults)<\/p>\n<p>http:\/\/www.theatrefalguiere.com\/product-page\/9cb33066-f775-f0b6-2248-f09a93f98e1d<\/p>","protected":false},"excerpt":{"rendered":"<p>4TH NOVEMBER 2016 OP\u00c9RA D&#8217;AVIGNON WITH THE\u00a0REGIONAL D&#8217;AVIGNON\u00a0ORCHESTRA Cr\u00e9ation mondiale lors du \u00ab\u00a0Festival d\u2019Avignon\u00a0\u00bb\u2028le 25 juillet 2015 Direction, Samuel Jean R\u00e9citant, Robin Renucci Dim\u00edtris Dimitri\u00e1dis : Homeriade Music\u00a0: Martin Romberg Text : Dim\u00edtris Dimitri\u00e1dis 20TH NOVEMBER 2016 SANTOURI SOLO\u00a0CONCERT\u00a0 Centre Mandapa 6, rue Wurtz, 75013 Paris 18h00 Booking: https:\/\/www.weezevent.com\/paysages-sonores-ourania-lampropoulou Phone\u00a0: +33 (0)145899900 Mobile:+33 (0) 953131112 reservations@centre-mandapa.fr Facebook\u00a0event 3d &#8211;\u00a06TH DECEMBER 2016 OURANIA LAMPROPOULOU\u00a0&#8211;\u00a0EVGENIOS VOULGARIS DUO TOUR 3 D\u00e9cembre \u00e0 20.00 Centre Mandapa, Paris Urban Soundscapes of InterwarRebetiko Concert R\u00e9servations: https:\/\/www.weezevent.com\/paysages-sonores-ourania-lampropoulou Telephone : 0145899900 Portable : 0953131112 reservations@centre-mandapa.fr https:\/\/www.facebook.com\/events\/290171334715895\/ 4 D\u00e9cembre &#8211; Atelier of R\u00e9b\u00e9tiko (10.00-15.00), Maison de la Culture Arm\u00e9nienne (17, rue bleu, 75009) R\u00e9servations:\u00a0concert.stage.paris@gmail.com https:\/\/www.facebook.com\/events\/1798648273745369\/ 5 D\u00e9cembre &#8211; NEW PROGRAMME &#8211;\u00a0GOLDEN HORN Concert of Ottoman Classical Music :Works of Dimitri Cantemir and Ali Ufki Yunus Emre Institut, London 11th DECEMBER 2016 Christmas stories with music With the Story teller Nathalie Prokhoris Maison de la Gr\u00e8ce, 9 rue Mesnil 75016, Paris 22TH \u00a0DECEMBER 2016 FESTIVAL INTERNATIONAL DE MUSIQUE ANDALOUSE ET [&hellip;]<\/p>\n","protected":false},"author":1,"featured_media":0,"parent":0,"menu_order":0,"comment_status":"closed","ping_status":"closed","template":"","meta":[],"_links":{"self":[{"href":"https:\/\/www.ouranialampropoulou.com\/en\/wp-json\/wp\/v2\/pages\/14"}],"collection":[{"href":"https:\/\/www.ouranialampropoulou.com\/en\/wp-json\/wp\/v2\/pages"}],"about":[{"href":"https:\/\/www.ouranialampropoulou.com\/en\/wp-json\/wp\/v2\/types\/page"}],"author":[{"embeddable":true,"href":"https:\/\/www.ouranialampropoulou.com\/en\/wp-json\/wp\/v2\/users\/1"}],"replies":[{"embeddable":true,"href":"https:\/\/www.ouranialampropoulou.com\/en\/wp-json\/wp\/v2\/comments?post=14"}],"version-history":[{"count":27,"href":"https:\/\/www.ouranialampropoulou.com\/en\/wp-json\/wp\/v2\/pages\/14\/revisions"}],"predecessor-version":[{"id":565,"href":"https:\/\/www.ouranialampropoulou.com\/en\/wp-json\/wp\/v2\/pages\/14\/revisions\/565"}],"wp:attachment":[{"href":"https:\/\/www.ouranialampropoulou.com\/en\/wp-json\/wp\/v2\/media?parent=14"}],"curies":[{"name":"wp","href":"https:\/\/api.w.org\/{rel}","templated":true}]}}