{"id":10,"date":"2016-10-18T16:26:24","date_gmt":"2016-10-18T14:26:24","guid":{"rendered":"http:\/\/www.ouranialampropoulou.com\/?page_id=10"},"modified":"2023-03-26T21:28:42","modified_gmt":"2023-03-26T19:28:42","slug":"projects","status":"publish","type":"page","link":"http:\/\/www.ouranialampropoulou.com\/en\/projects\/","title":{"rendered":"Videos"},"content":{"rendered":"<p><\/p>\n<p style=\"text-align: center;\"><strong>DE CONSTANTINOPLE \u00c0 ISTANBUL<\/strong><\/p>\n<p><iframe loading=\"lazy\" title=\"Lamentation (anonyme 15\u00e8me si\u00e8cle)\" width=\"640\" height=\"360\" src=\"https:\/\/www.youtube.com\/embed\/r5E_b0zLMOQ?start=1&#038;feature=oembed\" frameborder=\"0\" allow=\"accelerometer; autoplay; clipboard-write; encrypted-media; gyroscope; picture-in-picture; web-share\" allowfullscreen><\/iframe><\/p>\n<div style=\"text-align: left;\">\n<hr align=\"left\" width=\"85%\" \/>\n<p><span style=\"text-align: left; margin-left: 190px;\"><strong>M&#8217;ARR\u00caTER ICI : CHANTS D&#8217;EXIL<\/strong><\/span><\/p>\n<\/div>\n<div>\n<hr align=\"left\" width=\"85%\" \/>\n<p>avec Dominique Vellard et Ourania Lampropoulou<\/p>\n<p><iframe loading=\"lazy\" title=\"Varytera ap&#039;ta sidhera \u2013 Gr\u00e8ce \u2013 Ourania Lampropoulou &amp; Dominique Vellard\" width=\"640\" height=\"360\" src=\"https:\/\/www.youtube.com\/embed\/niFZx3VWwv4?feature=oembed\" frameborder=\"0\" allow=\"accelerometer; autoplay; clipboard-write; encrypted-media; gyroscope; picture-in-picture; web-share\" allowfullscreen><\/iframe><\/p>\n<p><iframe loading=\"lazy\" title=\"M&#039;ARRETER ICI\u2026 Ourania Lampropoulou &amp; Dominique Vellard\" width=\"640\" height=\"360\" src=\"https:\/\/www.youtube.com\/embed\/ufC_CiXB2B8?feature=oembed\" frameborder=\"0\" allow=\"accelerometer; autoplay; clipboard-write; encrypted-media; gyroscope; picture-in-picture; web-share\" allowfullscreen><\/iframe><\/p>\n<\/div>\n<div>\n<hr align=\"left\" width=\"85%\" \/>\n<p><span style=\"text-align: left; margin-left: 190px;\"><strong>LE SERMENT DU FRERE MORT<\/strong> <\/span><\/p>\n<hr align=\"left\" width=\"85%\" \/>\n<p>Vid\u00e9o officielle du festival<\/p>\n<p><iframe loading=\"lazy\" src=\"https:\/\/www.youtube.com\/embed\/TLQsaeSqiwg\" width=\"560\" height=\"315\" frameborder=\"0\" allowfullscreen=\"allowfullscreen\"><\/iframe><\/p>\n<hr align=\"left\" width=\"85%\" \/>\n<p><span style=\"text-align: left; margin-left: 190px;\"><strong>BALLOS ENSEMBLE<\/strong><\/span><\/p>\n<hr align=\"left\" width=\"85%\" \/>\n<p><iframe loading=\"lazy\" src=\"https:\/\/www.youtube.com\/embed\/3qkZyV0etzA\" width=\"560\" height=\"315\" frameborder=\"0\" allowfullscreen=\"allowfullscreen\"><\/iframe><\/p>\n<p><iframe loading=\"lazy\" src=\"https:\/\/www.youtube.com\/embed\/BUHwJvFVwXw\" width=\"560\" height=\"315\" frameborder=\"0\" allowfullscreen=\"allowfullscreen\"><\/iframe><\/p>\n<div>\n<hr align=\"left\" width=\"85%\" \/>\n<p><span style=\"text-align: left; margin-left: 115px;\"><strong>OURANIA LAMPROPOULOU &amp; EVGENIOS VOULGARIS<\/strong><\/span><\/p>\n<hr align=\"left\" width=\"85%\" \/>\n<p><iframe loading=\"lazy\" src=\"https:\/\/www.youtube.com\/embed\/HYlLQxv225E\" width=\"560\" height=\"315\" frameborder=\"0\" allowfullscreen=\"allowfullscreen\"><\/iframe><\/p>\n<hr align=\"left\" width=\"85%\" \/>\n<p><span style=\"text-align: left; margin-left: 115px;\"><strong>MARTA SEBESTYEN &amp; GOROGS ENSEMBLE<\/strong><\/span><\/p>\n<hr align=\"left\" width=\"85%\" \/>\n<p style=\"text-align: left;\"><iframe loading=\"lazy\" src=\"https:\/\/www.youtube.com\/embed\/D0OhOppuXmE\" width=\"560\" height=\"315\" frameborder=\"0\" allowfullscreen=\"allowfullscreen\"><\/iframe><\/p>\n<p style=\"text-align: left;\"><iframe loading=\"lazy\" src=\"https:\/\/www.youtube.com\/embed\/P_oMZz6uyj4\" width=\"560\" height=\"315\" frameborder=\"0\" allowfullscreen=\"allowfullscreen\"><\/iframe><\/p>\n<div>\n<hr align=\"left\" width=\"85%\" \/>\n<p><span style=\"text-align: left; margin-left: 50px;\"><strong>XAOS: SANTUR &amp; LIVE ELECTRONICS \u00b7 ORESTIS KARAMANLIS<\/strong><\/span><\/p>\n<hr align=\"left\" width=\"85%\" \/>\n<p style=\"text-align: left;\"><iframe loading=\"lazy\" src=\"https:\/\/player.vimeo.com\/video\/91626223\" width=\"550\" height=\"402\" frameborder=\"0\" allowfullscreen=\"allowfullscreen\"><\/iframe>\n<p style=\"text-align: left;\"><a href=\"https:\/\/vimeo.com\/91626223\">Xaos : Santur and Live Electronics<\/a> from <a href=\"https:\/\/vimeo.com\/user26806301\">Orestis Karamanlis<\/a>.\n<\/div>\n<\/div>\n<\/div>\n<p><\/p>","protected":false},"excerpt":{"rendered":"<p>DE CONSTANTINOPLE \u00c0 ISTANBUL M&#8217;ARR\u00caTER ICI : CHANTS D&#8217;EXIL avec Dominique Vellard et Ourania Lampropoulou LE SERMENT DU FRERE MORT Vid\u00e9o officielle du festival BALLOS ENSEMBLE OURANIA LAMPROPOULOU &amp; EVGENIOS VOULGARIS MARTA SEBESTYEN &amp; GOROGS ENSEMBLE XAOS: SANTUR &amp; LIVE ELECTRONICS \u00b7 ORESTIS KARAMANLIS Xaos : Santur and Live Electronics from Orestis Karamanlis.<\/p>\n","protected":false},"author":1,"featured_media":0,"parent":0,"menu_order":0,"comment_status":"closed","ping_status":"closed","template":"","meta":[],"_links":{"self":[{"href":"http:\/\/www.ouranialampropoulou.com\/en\/wp-json\/wp\/v2\/pages\/10"}],"collection":[{"href":"http:\/\/www.ouranialampropoulou.com\/en\/wp-json\/wp\/v2\/pages"}],"about":[{"href":"http:\/\/www.ouranialampropoulou.com\/en\/wp-json\/wp\/v2\/types\/page"}],"author":[{"embeddable":true,"href":"http:\/\/www.ouranialampropoulou.com\/en\/wp-json\/wp\/v2\/users\/1"}],"replies":[{"embeddable":true,"href":"http:\/\/www.ouranialampropoulou.com\/en\/wp-json\/wp\/v2\/comments?post=10"}],"version-history":[{"count":53,"href":"http:\/\/www.ouranialampropoulou.com\/en\/wp-json\/wp\/v2\/pages\/10\/revisions"}],"predecessor-version":[{"id":572,"href":"http:\/\/www.ouranialampropoulou.com\/en\/wp-json\/wp\/v2\/pages\/10\/revisions\/572"}],"wp:attachment":[{"href":"http:\/\/www.ouranialampropoulou.com\/en\/wp-json\/wp\/v2\/media?parent=10"}],"curies":[{"name":"wp","href":"https:\/\/api.w.org\/{rel}","templated":true}]}}